{"id":10713,"date":"2025-07-01T11:36:52","date_gmt":"2025-07-01T14:36:52","guid":{"rendered":"https:\/\/nexloo.com\/informativa-sulla-privacy\/"},"modified":"2025-07-01T11:36:52","modified_gmt":"2025-07-01T14:36:52","slug":"informativa-sulla-privacy","status":"publish","type":"page","link":"https:\/\/nexloo.com\/it\/informativa-sulla-privacy\/","title":{"rendered":"Informativa sulla privacy"},"content":{"rendered":"\t\t<div data-elementor-type=\"wp-page\" data-elementor-id=\"10713\" class=\"elementor elementor-10713\" data-elementor-settings=\"{&quot;ha_cmc_init_switcher&quot;:&quot;no&quot;}\" data-elementor-post-type=\"page\">\n\t\t\t\t<div data-particle_enable=\"false\" data-particle-mobile-disabled=\"false\" class=\"elementor-element elementor-element-b645979 e-flex e-con-boxed e-con e-parent\" data-id=\"b645979\" data-element_type=\"container\" data-settings=\"{&quot;_ha_eqh_enable&quot;:false}\">\n\t\t\t\t\t<div class=\"e-con-inner\">\n\t\t\t\t<div class=\"elementor-element elementor-element-cbf2fd0 elementor-widget elementor-widget-heading\" data-id=\"cbf2fd0\" data-element_type=\"widget\" data-widget_type=\"heading.default\">\n\t\t\t\t<div class=\"elementor-widget-container\">\n\t\t\t\t\t<h1 class=\"elementor-heading-title elementor-size-default\">POLITICHE SULLA PRIVACY NEXLOO<\/h1>\t\t\t\t<\/div>\n\t\t\t\t<\/div>\n\t\t\t\t\t<\/div>\n\t\t\t\t<\/div>\n\t\t<div data-particle_enable=\"false\" data-particle-mobile-disabled=\"false\" class=\"elementor-element elementor-element-f41be18 e-flex e-con-boxed e-con e-parent\" data-id=\"f41be18\" data-element_type=\"container\" data-settings=\"{&quot;_ha_eqh_enable&quot;:false}\">\n\t\t\t\t\t<div class=\"e-con-inner\">\n\t\t\t\t<div class=\"elementor-element elementor-element-cd08713 elementor-widget elementor-widget-text-editor\" data-id=\"cd08713\" data-element_type=\"widget\" data-widget_type=\"text-editor.default\">\n\t\t\t\t<div class=\"elementor-widget-container\">\n\t\t\t\t\t\t\t\t\t**POLITICHE SULLA PRIVACY NEXLOO**\r\n\r\nNoi, di EVOLVY COMUNICA\u00c7\u00c3O OMNICHANNEL LTDA (la \u201cNexloo\u201d o \u201cnoi\u201d), CNPJ \u2013 48.595.294\/0001-78, siamo impegnati a proteggere la tua privacy. Lo scopo di questo documento \u00e8 chiarire quali informazioni vengono raccolte dagli utenti del nostro sito https:\/\/www.nexloo.com \u2013 e dai relativi servizi \u2013 (\u201cTu\u201d) e come questi dati vengono gestiti e utilizzati.\r\n\r\nPer offrire i nostri servizi, Nexloo, tramite il suo sito, l&#8217;apparecchiatura su cui \u00e8 installato o utilizzato e i dispositivi sincronizzati con esso, raccoglie vari dati e informazioni, mirando soprattutto a fornire un&#8217;esperienza sempre migliore per te. Nexloo riconosce che la tua privacy \u00e8 molto importante, quindi prendiamo tutte le misure possibili per proteggerla. In questo senso, la presente Politica sulla Privacy (\u201cPolitica\u201d) mira a informarti su come le tue informazioni e dati saranno raccolti, utilizzati, condivisi e archiviati tramite i nostri siti e i relativi servizi.\r\n\r\nQuesto documento \u00e8 stato redatto in modo semplice e accessibile, affinch\u00e9 tu possa leggere e comprendere come utilizziamo i tuoi dati per offrirti un&#8217;esperienza sicura e confortevole nell&#8217;uso dei servizi che ti offriamo.\r\n\r\nLa presente Politica \u00e8 suddivisa come segue per facilitarne la comprensione:\r\n\r\n1. Sulla raccolta dei dati;\r\n2. Sull&#8217;uso dei tuoi dati personali;\r\n3. Sull&#8217;accesso ai tuoi dati personali;\r\n4. Sulla condivisione dei dati;\r\n5. Sull&#8217;uso delle informazioni fornite ai nostri clienti;\r\n6. Sulla cancellazione dell&#8217;iscrizione e modifica\/eliminazione delle informazioni personali;\r\n7. Modifiche alla Politica sulla Privacy;\r\n8. Legge applicabile.\r\nQualsiasi dubbio in merito alla nostra politica sulla privacy pu\u00f2 essere chiarito contattandoci. Invia un&#8217;e-mail a: contato@nexloo.com\r\n\r\nCi troviamo in Rua Gutemberg 345, Batel, Curitiba, PR, CEP 80.420-030.\r\n\r\n1. Sulla raccolta dei dati\r\nInformazioni fornite da te \u2013 Raccogliamo informazioni di identificazione personale \u2013 come nome, telefono, e-mail, azienda per cui lavori e ruolo \u2013 tramite la compilazione dei moduli per il download dei nostri contenuti gratuiti. Eventualmente, la richiesta di alcune informazioni pu\u00f2 essere fatta tramite contatto diretto di Nexloo con gli utenti via e-mail o telefono.\r\n\r\nInformazioni di navigazione sul sito \u2013 Quando visiti il nostro sito, viene inserito un &#8216;cookie&#8217; nel tuo browser tramite il software Google Analytics, per identificare quante volte torni al nostro indirizzo. Vengono raccolte informazioni come indirizzo IP, localizzazione geografica, fonte di riferimento, tipo di browser, durata della visita e pagine visitate.\r\n\r\nStorico dei contatti \u2013 Qui in Nexloo memorizziamo informazioni riguardanti tutti i contatti gi\u00e0 effettuati con i nostri utenti, come contenuti scaricati dalle nostre pagine e interazioni via e-mail.\r\n\r\nDati generati dall&#8217;utilizzo dei nostri servizi \u2013 Se utilizzi uno dei nostri servizi, raccoglieremo ulteriori informazioni. In tal caso, raccoglieremo dati di contatto come nome, e-mail e telefono, dati di localizzazione come paese, citt\u00e0 e stato da cui si sta accedendo, dati di profilo professionale, inclusi ruolo, nome e segmento dell&#8217;azienda per cui lavori, numero di dipendenti di tale azienda, formazione accademica e anni di esperienza e il tuo budget mensile per il marketing.\r\n\r\n2. Sull&#8217;uso dei tuoi dati personali\r\nTutti i dati che raccogliamo vengono utilizzati per la fornitura dei nostri servizi, e non costa ricordarlo, teniamo molto alla tua privacy. Per questo motivo, tutti i dati e le informazioni su di te sono trattati come confidenziali, e li utilizzeremo solo per i fini qui descritti e autorizzati da te, principalmente affinch\u00e9 tu possa utilizzare i nostri servizi in modo completo, mirando sempre a migliorare la tua esperienza come utente. In questo modo, potremo personalizzare il servizio per adattarlo sempre pi\u00f9 ai tuoi gusti e interessi. Inoltre, i tuoi dati possono essere utilizzati per creare nuovi servizi, prodotti e funzionalit\u00e0.\r\n\r\nPer fornire i nostri servizi, incroceremo i dati che raccogliamo con altri che abbiamo sullo stesso titolare nelle nostre banche dati, inclusi i dati dei visitatori dei siti che hai registrato sulle nostre piattaforme. In particolare, utilizzeremo i dati per monitorare le azioni dei visitatori delle pagine che hai registrato, per creare profili di queste persone in base ai dati del loro comportamento e verificare quali sono i loro interessi, per classificare e qualificare queste persone in base a questo profilo, e per creare liste dinamiche di queste persone per l&#8217;esecuzione di azioni di marketing mirate, che vengono effettuate automaticamente in base alla classificazione dei visitatori del tuo sito.\r\n\r\nEventualmente, potremo utilizzare i dati per finalit\u00e0 non previste in questa politica sulla privacy, ma queste saranno comunque entro le tue legittime aspettative. L&#8217;eventuale utilizzo dei tuoi dati per finalit\u00e0 che non rispettino questa prerogativa sar\u00e0 effettuato previo tuo consenso.\r\n\r\nOltre a quanto sopra, utilizzeremo i tuoi dati per le seguenti finalit\u00e0:\r\n\r\nIl tuo e-mail \u00e8 utilizzato per l&#8217;operazione di invio del materiale o delle informazioni da te richieste tramite la compilazione del modulo. Pu\u00f2 anche essere utilizzato per l&#8217;invio di Newsletter, sempre relative al tema del Marketing Digitale. L&#8217;e-mail sar\u00e0 utilizzata anche per comunicare il lancio di nuovi materiali gratuiti o di nuovi prodotti di Nexloo e dei suoi partner. Tuttavia, l&#8217;utente pu\u00f2 cancellare l&#8217;iscrizione in qualsiasi momento;\r\nI dati di download possono essere divulgati come ricerche e statistiche, non rivelando apertamente nessuna informazione personale, a meno che non sia espressamente autorizzato;\r\nI dipendenti di Nexloo possono eventualmente contattarti via e-mail o telefono per fare ricerche o presentare prodotti e servizi;\r\nInviarti messaggi riguardanti supporto o servizio, come avvisi, notifiche e aggiornamenti;\r\nComunicare con te su prodotti, servizi, promozioni, notizie, aggiornamenti, eventi e altri argomenti che possono interessarti;\r\nEffettuare pubblicit\u00e0 mirata in base ai tuoi gusti, interessi e altre informazioni raccolte;\r\nPersonalizzare il servizio per adattarlo sempre pi\u00f9 ai tuoi gusti e interessi;\r\nPer qualsiasi scopo che autorizzi al momento della raccolta dei dati;\r\nRispettare obblighi legali.\r\nNexloo si riserva il diritto di monitorare tutta la piattaforma, principalmente per assicurarsi che le regole descritte nei nostri Termini di Uso vengano rispettate, o se ci siano violazioni o abusi delle leggi applicabili. Pertanto, Nexloo si riserva il diritto di escludere determinati utenti, indipendentemente dal tipo, se la presente Politica non viene rispettata.\r\n\r\n3. Sull&#8217;accesso ai tuoi dati personali\r\nPotranno vedere le tue informazioni personali solo i dipendenti di Nexloo, e tra questi, solo le persone con le dovute autorizzazioni. Eventualmente, se l&#8217;inserimento delle tue informazioni avviene in azioni create in collaborazione, anche i partner esplicitamente identificati avranno accesso alle informazioni. Nessun dato personale potr\u00e0 essere divulgato pubblicamente.\r\n\r\nTutti i tuoi dati sono confidenziali e qualsiasi uso di questi sar\u00e0 conforme alla presente Politica. Nexloo far\u00e0 tutti gli sforzi ragionevoli del mercato per garantire la sicurezza dei nostri sistemi e dei tuoi dati. I nostri server sono situati in diverse parti del mondo per garantire stabilit\u00e0 e sicurezza, e possono essere accessibili solo tramite canali di comunicazione preventivamente autorizzati.\r\n\r\nTutte le tue informazioni saranno, sempre che possibile, criptate, se non rende impraticabile il loro utilizzo da parte di Nexloo. In qualsiasi momento potrai richiedere una copia dei tuoi dati memorizzati nei nostri sistemi. Manterremo i dati e le informazioni solo fino a quando saranno necessari o rilevanti per le finalit\u00e0 descritte in questa Politica, o in caso di periodi predeterminati dalla legge, o fino a quando saranno necessari per il mantenimento di interessi legittimi di Nexloo.\r\n\r\n4. Sulla condivisione dei dati\r\nCliccando sui pulsanti di condivisione dei contenuti sui social network disponibili nelle nostre pagine, l&#8217;utente pubblicher\u00e0 il contenuto tramite il proprio profilo nella rete selezionata. Nexloo non ha accesso al login e alla password degli utenti in queste reti, n\u00e9 pubblicher\u00e0 contenuti a nome dell&#8217;utente senza che quest&#8217;ultimo compia questa azione. Lo stesso vale per l&#8217;ottenimento di materiali educativi tramite l&#8217;opzione &#8220;Pagamento Sociale&#8221;.\r\n\r\nEssendo una societ\u00e0 di tecnologia, Nexloo pu\u00f2 operare insieme ad altre aziende in un&#8217;ampia gamma di attivit\u00e0, inclusi fornire funzionalit\u00e0 di localizzazione, traffico dati e analisi delle prestazioni. In questo modo, ci riserviamo il diritto di condividere le tue informazioni, inclusi dati di localizzazione, registrazione e interessi, con i nostri partner e fornitori di servizi, sempre che sia\r\n\r\npossibile, in forma anonima, al fine di proteggere la tua privacy. Con il presente documento, autorizzi espressamente tali condivisioni.\r\n\r\nNexloo non \u00e8 responsabile per gli atti, gli annunci e i contenuti generati dai nostri partner commerciali e reti pubblicitarie, e questa Politica non si applica a loro, poich\u00e9 Nexloo non li controlla.\r\n\r\nTutti i dati, le informazioni e i contenuti su di te possono essere considerati come beni aziendali in caso di negoziazioni in cui Nexloo faccia parte. Pertanto, ci riserviamo il diritto di includere i tuoi dati tra i beni dell&#8217;azienda nel caso in cui essa venga venduta, acquisita o fusa con un&#8217;altra. Con il presente documento, acconsenti e sei consapevole di questa possibilit\u00e0.\r\n\r\nNexloo si riserva il diritto di fornire i tuoi dati e informazioni su di te, incluse le tue interazioni, se richiesto giudizialmente, atto necessario affinch\u00e9 l&#8217;azienda sia conforme alle leggi nazionali, o se autorizzato espressamente da te.\r\n\r\n5. Sull&#8217;uso delle informazioni fornite ai nostri clienti\r\nNexloo mette a disposizione dei propri clienti, tramite i propri servizi, la gestione delle informazioni personali degli utenti con cui i loro clienti mantengono una relazione.\r\n\r\nPer informarti meglio in merito alla tua responsabilit\u00e0 per i dati che raccogli, ti consigliamo di leggere il contratto di fornitura dei servizi che abbiamo stipulato con te per l&#8217;uso dei nostri sistemi.\r\n\r\n6. Sulla cancellazione dell&#8217;iscrizione e modifica\/eliminazione delle informazioni personali\r\nPuoi scegliere di non ricevere pi\u00f9 alcun tipo di e-mail da Nexloo. In tutte le e-mail che inviamo c&#8217;\u00e8 sempre un link per annullare l&#8217;iscrizione disponibile nelle ultime righe. Cliccando su questo link sarai automaticamente rimosso dalla lista.\r\n\r\n\u00c8 importante notare che compilando nuovamente qualsiasi modulo il tuo indirizzo e-mail verr\u00e0 reinserito nella lista. Pertanto, la richiesta di cancellazione deve essere effettuata nuovamente se di tuo interesse.\r\n\r\nTutti i dati raccolti saranno eliminati dai nostri server quando lo richiederai o quando non saranno pi\u00f9 necessari o rilevanti per offrirti i nostri servizi, salvo se vi sia qualsiasi altra ragione per la loro conservazione, come eventuale obbligo legale di mantenere i dati o necessit\u00e0 di conservarli per la protezione dei diritti di Nexloo. Per modificare le tue informazioni personali o eliminarle dal nostro database, basta inviare un&#8217;e-mail a contato@nexloo.com.\r\n\r\n7. Modifiche alla Politica sulla Privacy\r\nQuesta Politica sulla Privacy pu\u00f2 essere aggiornata. Pertanto, ti consigliamo di visitare periodicamente questa pagina per essere a conoscenza delle modifiche. Se verranno apportate modifiche rilevanti che richiedano nuove autorizzazioni da parte tua, pubblicheremo una nuova politica sulla privacy.\r\n\r\nPrima di utilizzare informazioni per scopi diversi da quelli definiti in questa Politica sulla Privacy, richiederemo la tua autorizzazione.\r\n\r\n8. Legge Applicabile\r\nQuesto documento \u00e8 regolato e deve essere interpretato in conformit\u00e0 con le leggi della Repubblica Federativa del Brasile. \u00c8 eletto il Foro della Comarca di Curitiba, Paran\u00e1, come competente per risolvere eventuali questioni derivanti dal presente documento, con espressa rinuncia a qualsiasi altro, per quanto privilegiato sia.\t\t\t\t\t\t\t\t<\/div>\n\t\t\t\t<\/div>\n\t\t\t\t\t<\/div>\n\t\t\t\t<\/div>\n\t\t\t\t<\/div>\n\t\t","protected":false},"excerpt":{"rendered":"<p>POLITICHE SULLA PRIVACY NEXLOO **POLITICHE SULLA PRIVACY NEXLOO** Noi, di EVOLVY COMUNICA\u00c7\u00c3O OMNICHANNEL LTDA (la \u201cNexloo\u201d o \u201cnoi\u201d), CNPJ \u2013 [&hellip;]<\/p>\n","protected":false},"author":1,"featured_media":0,"parent":0,"menu_order":0,"comment_status":"closed","ping_status":"closed","template":"","meta":{"site-sidebar-layout":"no-sidebar","site-content-layout":"","ast-site-content-layout":"full-width-container","site-content-style":"default","site-sidebar-style":"default","ast-global-header-display":"","ast-banner-title-visibility":"","ast-main-header-display":"","ast-hfb-above-header-display":"","ast-hfb-below-header-display":"","ast-hfb-mobile-header-display":"","site-post-title":"disabled","ast-breadcrumbs-content":"","ast-featured-img":"disabled","footer-sml-layout":"","theme-transparent-header-meta":"default","adv-header-id-meta":"","stick-header-meta":"","header-above-stick-meta":"","header-main-stick-meta":"","header-below-stick-meta":"","astra-migrate-meta-layouts":"set","ast-page-background-enabled":"default","ast-page-background-meta":{"desktop":{"background-color":"var(--ast-global-color-5)","background-image":"","background-repeat":"repeat","background-position":"center center","background-size":"auto","background-attachment":"scroll","background-type":"","background-media":"","overlay-type":"","overlay-color":"","overlay-opacity":"","overlay-gradient":""},"tablet":{"background-color":"","background-image":"","background-repeat":"repeat","background-position":"center center","background-size":"auto","background-attachment":"scroll","background-type":"","background-media":"","overlay-type":"","overlay-color":"","overlay-opacity":"","overlay-gradient":""},"mobile":{"background-color":"","background-image":"","background-repeat":"repeat","background-position":"center center","background-size":"auto","background-attachment":"scroll","background-type":"","background-media":"","overlay-type":"","overlay-color":"","overlay-opacity":"","overlay-gradient":""}},"ast-content-background-meta":{"desktop":{"background-color":"var(--ast-global-color-4)","background-image":"","background-repeat":"repeat","background-position":"center center","background-size":"auto","background-attachment":"scroll","background-type":"","background-media":"","overlay-type":"","overlay-color":"","overlay-opacity":"","overlay-gradient":""},"tablet":{"background-color":"var(--ast-global-color-4)","background-image":"","background-repeat":"repeat","background-position":"center center","background-size":"auto","background-attachment":"scroll","background-type":"","background-media":"","overlay-type":"","overlay-color":"","overlay-opacity":"","overlay-gradient":""},"mobile":{"background-color":"var(--ast-global-color-4)","background-image":"","background-repeat":"repeat","background-position":"center center","background-size":"auto","background-attachment":"scroll","background-type":"","background-media":"","overlay-type":"","overlay-color":"","overlay-opacity":"","overlay-gradient":""}},"footnotes":""},"class_list":["post-10713","page","type-page","status-publish","hentry"],"_links":{"self":[{"href":"https:\/\/nexloo.com\/it\/wp-json\/wp\/v2\/pages\/10713","targetHints":{"allow":["GET"]}}],"collection":[{"href":"https:\/\/nexloo.com\/it\/wp-json\/wp\/v2\/pages"}],"about":[{"href":"https:\/\/nexloo.com\/it\/wp-json\/wp\/v2\/types\/page"}],"author":[{"embeddable":true,"href":"https:\/\/nexloo.com\/it\/wp-json\/wp\/v2\/users\/1"}],"replies":[{"embeddable":true,"href":"https:\/\/nexloo.com\/it\/wp-json\/wp\/v2\/comments?post=10713"}],"version-history":[{"count":0,"href":"https:\/\/nexloo.com\/it\/wp-json\/wp\/v2\/pages\/10713\/revisions"}],"wp:attachment":[{"href":"https:\/\/nexloo.com\/it\/wp-json\/wp\/v2\/media?parent=10713"}],"curies":[{"name":"wp","href":"https:\/\/api.w.org\/{rel}","templated":true}]}}