{"id":10650,"date":"2025-07-01T11:36:24","date_gmt":"2025-07-01T14:36:24","guid":{"rendered":"https:\/\/nexloo.com\/contratto-dellutente\/"},"modified":"2025-07-09T15:30:15","modified_gmt":"2025-07-09T13:30:15","slug":"contratto-dellutente","status":"publish","type":"page","link":"https:\/\/nexloo.com\/it\/contratto-dellutente\/","title":{"rendered":"Contratto dell&#8217;Utente"},"content":{"rendered":"\t\t<div data-elementor-type=\"wp-page\" data-elementor-id=\"10650\" class=\"elementor elementor-10650\" data-elementor-settings=\"{&quot;ha_cmc_init_switcher&quot;:&quot;no&quot;}\" data-elementor-post-type=\"page\">\n\t\t\t\t<div data-particle_enable=\"false\" data-particle-mobile-disabled=\"false\" class=\"elementor-element elementor-element-c121853 e-flex e-con-boxed e-con e-parent\" data-id=\"c121853\" data-element_type=\"container\" data-settings=\"{&quot;_ha_eqh_enable&quot;:false}\">\n\t\t\t\t\t<div class=\"e-con-inner\">\n\t\t\t\t<div class=\"elementor-element elementor-element-1fd243e elementor-widget elementor-widget-heading\" data-id=\"1fd243e\" data-element_type=\"widget\" data-widget_type=\"heading.default\">\n\t\t\t\t<div class=\"elementor-widget-container\">\n\t\t\t\t\t<h1 class=\"elementor-heading-title elementor-size-default\">CONTRATTO DI PRESTAZIONE DI SERVIZI DI LICENZA SOFTWARE - SAAS<\/h1>\t\t\t\t<\/div>\n\t\t\t\t<\/div>\n\t\t\t\t<div class=\"elementor-element elementor-element-5b72247 elementor-widget elementor-widget-text-editor\" data-id=\"5b72247\" data-element_type=\"widget\" data-widget_type=\"text-editor.default\">\n\t\t\t\t<div class=\"elementor-widget-container\">\n\t\t\t\t\t\t\t\t\t<p>**CONTRATTO DI PRESTAZIONE DI SERVIZI DI LICENZA SOFTWARE &#8211; SAAS**<\/p>\n<p>Con il presente strumento particolare di &#8220;Contratto di Prestazione di Servizi di Licenza Software &#8211; SaaS&#8221;, nella migliore forma di diritto, stipulano tra loro:<\/p>\n<p>Da un lato, EVOLVY COMUNICA\u00c7\u00c3O OMNICHANNEL LTDA, persona giuridica di diritto privato, iscritta al CNPJ con il n\u00b0 48.595.294\/0001-78, con sede in Rua Cap Doutor Ant\u00f4nio Jos\u00e9 n\u00b0 915, CEP 81.810-340, Curitiba\/PR, d&#8217;ora in poi denominata CONTRATADA;<\/p>\n<p>Dall&#8217;altro lato, il CONTRATANTE, qualificato secondo il registro elettronico effettuato sul nostro sito web, d&#8217;ora in poi denominato CONTRATANTE o CLIENTE;<\/p>\n<p>Stipulano tra loro, giusto e contrattato, il presente CONTRATTO DI PRESTAZIONE DI SERVIZI DI LICENZA SOFTWARE &#8211; SAAS, che sar\u00e0 concretizzato mediante le seguenti clausole e condizioni:<\/p>\n<p>**CLAUSOLA PRIMA &#8211; OGGETTO**<br \/>\n1.1. L&#8217;oggetto del presente Contratto \u00e8 la fornitura del servizio di accesso al software NEXLOO nella modalit\u00e0 SaaS (anche denominata Software as a Service), come specificato di seguito:<\/p>\n<p>1.1.1. DISPONIBILIT\u00c0: consentire l&#8217;accesso del CONTRATANTE al software NEXLOO tramite internet, garantendo il massimo &#8220;uptime&#8221; e performance dello strumento, utilizzando infrastrutture di server scelte a discrezione esclusiva della CONTRATADA;<\/p>\n<p>1.1.2. LICENZA: contempla la licenza per l&#8217;uso dei software di assistenza di NEXLOO, non comprendendo altri software della CONTRATADA;<\/p>\n<p>1.1.3. MANUTENZIONE: aggiornamenti e applicazione di correzioni del software NEXLOO e dell&#8217;infrastruttura, in base alle necessit\u00e0 e alla pianificazione;<\/p>\n<p>1.1.4. SUPPORTO: ricezione e trattamento di errori nell&#8217;infrastruttura dei server cloud segnalati dal CONTRATANTE, generando le relative correzioni.<\/p>\n<p>1.2. Non \u00e8 incluso nell&#8217;ambito del presente contratto:<\/p>\n<p>1.2.1. Accesso diretto all&#8217;infrastruttura, inclusi, ma non limitati a, accesso al database, console di amministrazione, sistema operativo, servizio di hosting di pagine web, tra gli altri;<\/p>\n<p>1.2.2. Servizi di: CONFIGURAZIONE, AMMINISTRAZIONE, FORMAZIONE, CONSULENZA, IMPLEMENTAZIONI, CARICO DATI, OMOLOGAZIONI, PERSONALIZZAZIONI e INTEGRAZIONI;<\/p>\n<p>1.2.3. Nessun prodotto o servizio relativo all&#8217;infrastruttura del CONTRATANTE, inclusi, ma non limitati a, accesso a internet, firewall, proxy, browser, postazioni di lavoro, computer, tra gli altri;<\/p>\n<p>1.2.4. Qualsiasi altro servizio o prodotto non chiaramente descritto in questo documento, che potrebbe eventualmente essere contratto separatamente.<\/p>\n<p>1.3. Servizi opzionali (complementari): previa accettazione dell&#8217;offerta, possono essere aggiunti i seguenti servizi opzionali, fatturati mensilmente:<\/p>\n<p>a) Connessione aggiuntiva;<br \/>\nb) Accesso utente aggiuntivo;<br \/>\nc) Chatbot;<br \/>\nd) Integrazioni con strumenti;<br \/>\ne) PABX Virtuale;<\/p>\n<p>**CLAUSOLA SECONDA \u2013 PREZZI, CONDIZIONI DI PAGAMENTO, FATTURAZIONE E RIALZI**<\/p>\n<p>2.1. I prezzi e le condizioni di fatturazione e pagamento sono specificati nell&#8217;Offerta Commerciale concordata, che fa parte integrante del presente strumento.<\/p>\n<p>2.2. Tutti i valori associati alla licenza o alla prestazione dei servizi utilizzati saranno aggiornati monetariamente in base alla variazione dell&#8217;IPCA o, in caso di sospensione, mancata pubblicazione o estinzione, con qualsiasi altro indice ufficialmente stipulato dal Governo Federale.<\/p>\n<p>2.3. I pagamenti concordati nell&#8217;Offerta Commerciale relativi all&#8217;oggetto del presente strumento saranno sempre effettuati nella modalit\u00e0 prepagata, sempre nel giorno stabilito nell&#8217;offerta commerciale. L&#8217;accertamento dell&#8217;effettivit\u00e0 dell&#8217;uso sar\u00e0 effettuato sempre il primo giorno lavorativo del mese successivo, generando una fattura aggiuntiva per tutto ci\u00f2 che \u00e8 stato utilizzato in eccesso nel mese precedente per la prossima fattura.<\/p>\n<p>**CLAUSOLA TERZA \u2013 PENALIT\u00c0 E TRIBUTI**<br \/>\n3.1. In caso di ritardo nel pagamento verranno applicati sul valore dovuto una multa del 2% (due per cento) e interessi di mora legali mensili.<\/p>\n<p>3.2. Dopo 30 (trenta) giorni dalla data di scadenza, in caso di mancato pagamento del debito, la CONTRATADA si riserva il diritto di interrompere, indipendentemente da qualsiasi avviso o comunicazione, la prestazione dei servizi, attraverso il blocco del\/i servizio\/i, senza che il CONTRATANTE abbia diritto ad alcuna indennit\u00e0, a qualsiasi titolo. La riattivazione avverr\u00e0 entro 16 ore lavorative dopo il saldo di tutti i debiti\/multe esistenti al momento.<\/p>\n<p>3.2.1. La CONTRATADA \u00e8 altres\u00ec autorizzata a registrare eventuali protesti in uffici notarili, registrazioni in organi di protezione del credito e altre azioni pertinenti, senza alcun onere per la CONTRATADA.<\/p>\n<p>3.2.2. La CONTRATADA si riserva il diritto di non accettare nuove richieste di servizi da parte del CONTRATANTE, se questi \u00e8 in debito.<\/p>\n<p>3.3. Il pagamento dei tributi, imposte, tasse e contributi di qualsiasi tipo, applicabili, esistenti o che verranno a esistere, relativi al presente Contratto, sar\u00e0 a carico del soggetto passivo dell&#8217;obbligo tributario, come definito dalla legge. La CONTRATADA dichiara che nei prezzi indicati nell&#8217;Offerta Commerciale\/Fattura sono inclusi tutti i tributi e gli oneri incidenti su questo tipo di transazione.<\/p>\n<p>**CLAUSOLA QUARTA &#8211; CONDIZIONI DI PRESTAZIONE DEI SERVIZI**<br \/>\n4.1. L&#8217;accesso non potr\u00e0 essere effettuato da un numero totale di utenti superiore a quello specificato nella voce pertinente a questo servizio descritta nell&#8217;Offerta Commerciale concordata. In caso di rilevamento di un uso superiore a quello contrattato, potranno essere fatturati in aggiunta.<\/p>\n<p>4.2. \u00c8 severamente vietato il noleggio, prestito, comodato o locazione dell&#8217;ambiente messo a disposizione, a chiunque e\/o a qualsiasi titolo senza l&#8217;autorizzazione espressa e formale della CONTRATADA.<\/p>\n<p>4.3. La CONTRATADA, purch\u00e9 siano rispettate le obbligazioni a carico del CONTRATANTE previste nel presente contratto, si propone di offrire e si impegna a mantenere il 98% di disponibilit\u00e0 annuale dell&#8217;ambiente di PRODUZIONE del software NEXLOO durante l&#8217;orario da luned\u00ec a venerd\u00ec, dalle 0:00 alle 23:59, esclusi i festivi, o come concordato nell&#8217;offerta commerciale, non considerando nel calcolo di questo indice i seguenti eventi:<\/p>\n<p>a. Fallimento della connessione (&#8220;link&#8221;) fornita dalla societ\u00e0 di telecomunicazioni incaricata della prestazione del servizio, senza colpa della CONTRATADA;<\/p>\n<p>b. Fallimenti di utilizzo o sovraccarico del server causato da utilizzo non ottimizzato da parte del CONTRATANTE;<\/p>\n<p>c. Fallimenti nell&#8217;infrastruttura del CONTRATANTE, inclusi, ma non limitati a, aggiornamenti del software di navigazione, antivirus e altri che possano causare incompatibilit\u00e0 con la struttura messa a disposizione dalla CONTRATADA;<\/p>\n<p>d. Fallimenti causati dal malfunzionamento del software, del server, del sistema operativo e, se applicabile, del fornitore terzo del servizio di hosting;<\/p>\n<p>e. Le interruzioni necessarie per la manutenzione, che possono essere preventive, correttive, regolazioni tecniche o manutenzioni, che saranno avvisate preventivamente sempre che possibile e preferibilmente effettuate tra le 18 e le 8 o durante i fine settimana e festivi;<\/p>\n<p>f. Le interventi di emergenza derivanti dalla necessit\u00e0 di preservare la sicurezza del server, destinati a evitare o cessare l&#8217;attivit\u00e0 degli &#8220;hacker&#8221; o destinati a realizzare correzioni di sicurezza, con la CONTRATADA autorizzata a scollegare il server da internet, se necessario;<\/p>\n<p>g. Sospensione della prestazione dei servizi contrattati per ordine delle autorit\u00e0 competenti, forza maggiore o per violazione delle clausole del presente contratto;<\/p>\n<p>h. Superamento da parte del CONTRATANTE del limite della capacit\u00e0 massima di utilizzo del Disco Rigido;<\/p>\n<p>i. Interruzioni o malfunzionamenti causati da forza maggiore o da aziende terze come per esempio (ma non limitato a) organismi di registrazione del dominio, sincronizzazione del DNS, ecc.;<\/p>\n<p>j. Tempo utilizzato dal CONTRATANTE per la convalida<\/p>\n<p>delle correzioni degli errori;<\/p>\n<p>k. Ferme o ripristini delle copie di sicurezza dei dati su richiesta del CONTRATANTE.<\/p>\n<p>4.4. La CONTRATADA metter\u00e0 a disposizione di default 1 (uno) indirizzo al CONTRATANTE per accedere al software NEXLOO, tramite il link: https:\/\/app.nexloo.com. Tramite questo indirizzo, sar\u00e0 possibile accedere ad altri moduli eventualmente contrattati nell&#8217;Offerta Commerciale, come ad esempio il ChatBot, ma non limitato a esso.<\/p>\n<p>4.4. \u00c8 responsabilit\u00e0 del CONTRATANTE effettuare le configurazioni interne nel proprio ambiente (ad esempio, code, utenti, ecc.) affinch\u00e9 l&#8217;accesso agli indirizzi e ai servizi elettronici messi a disposizione dalla CONTRATADA sia possibile e lo strumento funzioni correttamente.<\/p>\n<p>4.5. L&#8217;indirizzo IP utilizzato dalla CONTRATADA non \u00e8 fisso e pu\u00f2 essere modificato senza preavviso. L&#8217;uso del software NEXLOO deve considerare sempre l&#8217;indirizzo completo per nome fornito (https:\/\/app.nexloo.com).<\/p>\n<p>4.6. La CONTRATADA effettua una copia di sicurezza (&#8220;Backup&#8221;) giornaliera dei file che compongono i media (applicazione), log e database esistenti sul server di PRODUZIONE, con l&#8217;obiettivo di utilizzo in caso di emergenze. In caso di necessit\u00e0 di ripristino, i dati ripristinati saranno quelli ottenuti nel GIORNO PRECEDENTE alla richiesta.<\/p>\n<p>4.7. Se non espressamente indicato nell&#8217;offerta commerciale concordata una quota specifica, il limite massimo di spazio su disco da memorizzare \u00e8 di 5 Gigabyte, sommando tutti i file del CONTRATANTE, inclusi, ma non limitati, al database di produzione, copie di sicurezza (backup) e applicazione. Se questo limite viene superato, la CONTRATADA dovr\u00e0 informare il CONTRATANTE per iscritto e potr\u00e0, a sua discrezione, ridurre la quantit\u00e0 di backup memorizzati in base al limite di disco contrattato, consapevole di questa restrizione e esentando la CONTRATADA da qualsiasi responsabilit\u00e0 per la mancanza degli stessi.<\/p>\n<p>4.8. Tutto il processo di configurazione dell&#8217;infrastruttura dei server remoti e installazione dei software necessari per la disponibilit\u00e0 del servizio contrattato sar\u00e0 effettuato esclusivamente dalla CONTRATADA, spetta al CONTRATANTE solo l&#8217;uso dell&#8217;applicazione NEXLOO.<\/p>\n<p>4.9. Il processo di aggiornamento dell&#8217;ambiente, per la correzione di eventuali incidenti nel software NEXLOO sar\u00e0 effettuato prima in un ambiente separato denominato &#8220;OMOLOGAZIONE&#8221;. Solo dopo la conferma di questa validazione sar\u00e0 trasferito all&#8217;ambiente di produzione.<\/p>\n<p>4.10. Supporto tramite WhatsApp: disponibile in lingua portoghese del Brasile, dalle 9:00 alle 12:00 e dalle 13:30 alle 17:30 (orario ufficiale di Brasilia), da luned\u00ec a venerd\u00ec, esclusi i festivi nazionali.<\/p>\n<p>4.11. Risposta agli incidenti: si intendono per incidenti i fallimenti nell&#8217;infrastruttura dei server della CONTRATADA che impediscono l&#8217;accesso al NEXLOO, o ne limitano il funzionamento. Questi incidenti che necessitano di correzione possono rientrare in una delle seguenti priorit\u00e0, per le quali sono concordati i tempi di prima risposta:<\/p>\n<p>a. Priorit\u00e0 Alta: sistema non disponibile, impossibile per il CONTRATANTE operare il sistema. In questa situazione la CONTRATADA si impegna a rispondere alla richiesta di assistenza entro 8 ore lavorative. Gli incidenti aperti dal CONTRATANTE con priorit\u00e0 ALTA devono essere analizzati congiuntamente con la CONTRATADA, per il consenso su questo grado di urgenza.<\/p>\n<p>b. Priorit\u00e0 Media: intermittenza, lentezza o qualche componente del sistema non \u00e8 operativo, ma \u00e8 possibile operare il NEXLOO. Assistenza risponde entro 20 ore lavorative.<\/p>\n<p>4.12. Anche se \u00e8 possibile stabilire un contatto con il supporto tramite e-mail o telefono, i tempi di assistenza iniziano a essere conteggiati dal momento della registrazione nel sistema online di apertura dei ticket (link qui). Pertanto, si raccomanda che il CONTRATANTE faccia le sue richieste direttamente nel sistema. I tempi tra l&#8217;invio dell&#8217;e-mail o la chiamata e la registrazione nel sistema non saranno considerati.<\/p>\n<p>4.13. Le richieste di servizi, come: ripristino di copie di sicurezza, applicazione di aggiornamenti o correzioni del NEXLOO, riconfigurazione di elementi relativi all&#8217;infrastruttura dei server, saranno preferibilmente effettuate all&#8217;interno delle finestre di manutenzione esistenti, con un preavviso minimo di tre giorni lavorativi, senza tempi di risposta o risoluzione associati a questo tipo di servizio.<\/p>\n<p>4.14. Altri casi di assistenza come: dubbi, chiarimenti, consulenze, e altri che non sono classificati come incidenti nel sistema, non sono coperti dal presente contratto, anche se, eventualmente, venga prestato uno di questi servizi come cortesia, ma senza impegno di tempo di assistenza.<\/p>\n<p>4.15. Pu\u00f2 essere necessario l&#8217;accesso remoto alla rete interna del CONTRATANTE per poter verificare un incidente. Se non \u00e8 possibile, l&#8217;assistenza pu\u00f2 essere annullata, senza oneri per la CONTRATADA.<\/p>\n<p>4.16. Il CONTRATANTE autorizza preventivamente l&#8217;accesso e la copia del database per eventuali diagnosi e assistenze. Se si manifesta in senso contrario, eventuali assistenze possono non essere effettuate, senza alcun onere per la CONTRATADA.<\/p>\n<p>**CLAUSOLA QUINTA: RISERVATEZZA**<br \/>\n5.1. Si impegnano reciprocamente CONTRATADA e CONTRATANTE a rispettare il diritto di propriet\u00e0 e riservatezza delle informazioni accessibili, nonch\u00e9 a non trasferirle a terzi, in tutto o in parte, salvo previa autorizzazione dell&#8217;altra.<\/p>\n<p>5.2. Tutti gli studi eseguiti, progetti e istruzioni emesse dalla CONTRATADA, per il buon e fedele adempimento del servizio, non dovranno essere, in tutto o in parte, utilizzati, riprodotti o comunicati a terzi, per fini diversi dall&#8217;oggetto contrattuale, senza l&#8217;espressa autorizzazione del CONTRATANTE.<\/p>\n<p>5.3. Tutte le informazioni fornite dal CONTRATANTE o dalla CONTRATADA, con la classificazione scritta di &#8220;RISERVATO&#8221;, saranno reciprocamente considerate come tali, e si impegnano direttamente o tramite i loro dirigenti e dipendenti, a non divulgarle o trasmetterle a terzi.<\/p>\n<p>5.4. La CONTRATADA si impegna inoltre a mantenere riservate tutte le informazioni del CONTRATANTE a cui avr\u00e0 accesso in conseguenza della prestazione dei servizi secondo il presente contratto.<\/p>\n<p>5.5. Il CONTRATANTE non potr\u00e0 divulgare i risultati di qualsiasi test o misurazione delle prestazioni a terzi, senza il previo consenso, per iscritto, della CONTRATADA.<\/p>\n<p>**CLAUSOLA SESTA &#8211; RESPONSABILIT\u00c0 DELLA CONTRATADA**<\/p>\n<p>6.1. \u00c8 responsabilit\u00e0 della CONTRATADA:<\/p>\n<p>6.1.1. Mettere a disposizione un&#8217;infrastruttura di server compatibile con il numero di utenti descritto nell&#8217;Offerta Commerciale.<\/p>\n<p>6.1.2. Su richiesta preventiva del CONTRATANTE e pianificazione, mantenere aggiornato il Software NEXLOO durante la durata del contratto.<\/p>\n<p>6.1.3. Monitorare proattivamente l&#8217;infrastruttura dei server agendo preventivamente, cercando la massima disponibilit\u00e0 possibile.<\/p>\n<p>6.1.4. Fornire servizi di supporto tecnico come descritto nel presente strumento.<\/p>\n<p>**CLAUSOLA SETTIMA &#8211; RESPONSABILIT\u00c0 DEL CONTRATANTE**<\/p>\n<p>7.1. \u00c8 responsabilit\u00e0 del CONTRATANTE:<\/p>\n<p>7.1.1. Installare, configurare, aggiornare e mantenere le apparecchiature necessarie nelle proprie installazioni per la corretta visualizzazione del NEXLOO (browser, postazioni di lavoro, apparecchiature di rete, cavi, internet, ecc.), secondo le caratteristiche, requisiti e procedure raccomandate dalla CONTRATADA.<\/p>\n<p>7.1.2. Provvedere agli adeguamenti di software, hardware o configurazioni nella propria rete interna per adeguarsi ai nuovi requisiti richiesti dagli aggiornamenti forniti dalla CONTRATADA.<\/p>\n<p>7.1.3. Effettuare puntualmente i pagamenti previsti per i servizi forniti.<\/p>\n<p>7.1.4. Richiedere eventuali offerte per adeguare i servizi contrattati a nuove esigenze di utilizzo, come aumento del numero di utenti, aumento dello spazio su disco, nuove funzionalit\u00e0, ecc.<\/p>\n<p>7.1.5. Il CONTRATANTE si impegna a consultare la legislazione applicabile, in tutte le sue sfere, per accertarsi che l&#8217;uso che intende fare del Software\/sistema oggetto di questo contratto, nonch\u00e9 i dati che intende inserire e\/o rendere disponibili, siano conformi alla stessa, assumendo la responsabilit\u00e0 per eventuali violazioni.<\/p>\n<p>**CLAUSOLA OTTAVA &#8211; DURATA E RIS<\/p>\n<p>OLUZIONE**<br \/>\n8.1. \u00c8 concordato, fin d&#8217;ora, che non vi \u00e8 un periodo minimo di permanenza purch\u00e9 venga dato un preavviso di 30 giorni.<\/p>\n<p>8.1.1. Trascorso il periodo iniziale concordato, il silenzio delle parti comporter\u00e0 il rinnovo automatico mensile del presente Contratto per tempo indeterminato.<\/p>\n<p>8.2. Il presente contratto pu\u00f2 essere risolto da una delle parti, mediante preavviso scritto di 30 (trenta) giorni, come previsto al punto 8.1.1. sopra. Dopo questo periodo, sar\u00e0 messa a disposizione una copia di sicurezza dei dati del CONTRATANTE per un massimo di 5 giorni. Trascorso tale periodo, i dati saranno rimossi e non potranno pi\u00f9 essere ottenuti dal CONTRATANTE.<\/p>\n<p>8.3. Questo contratto pu\u00f2 essere risolto dalla parte considerata innocente, senza che la parte considerata inadempiente abbia diritto a qualsiasi indennit\u00e0 solo in caso di cause di forza maggiore o di caso fortuito.<\/p>\n<p>8.4. La CONTRATADA si riserva il diritto di risolvere il presente contratto dopo 5 (cinque) giorni di ritardo nel pagamento, momento in cui gli accessi saranno interrotti e tutti i dati e configurazioni del CONTRATANTE saranno eliminati dai server, indipendentemente da qualsiasi avviso o comunicazione, e senza che il CONTRATANTE abbia diritto a qualsiasi indennit\u00e0, a qualsiasi titolo. Il CONTRATANTE dovr\u00e0 inoltre adempiere ai propri obblighi fino a quel momento, inclusi i fatturati in sospeso e le multe.<\/p>\n<p>**CLAUSOLA NONA \u2013 SOLUZIONE DELLE CONTROVERSIE E FORO**<br \/>\n9.1. Il presente Contratto, con tutti gli allegati, incluse le Offerte Commerciali concordate, costituisce l&#8217;intero contratto tra le parti e sostituisce tutti i contratti, proposte o dichiarazioni, orali o scritti, in relazione al suo oggetto. Nessuna modifica, correzione o rinuncia rispetto a qualsiasi disposizione del presente Contratto avr\u00e0 effetto se non espressa per iscritto e firmata. Tuttavia, in caso di conflitto o incongruenza tra quanto disposto nel corpo del presente Contratto e qualsiasi allegato o appendice dello stesso, o qualsiasi Offerta Commerciale, prevalgono i termini del suddetto allegato, appendice o Offerta Commerciale.<\/p>\n<p>9.2. Le Parti eleggono il foro della comarca di Curitiba\/PR per dirimere qualsiasi questione derivante dal presente contratto, rinunciando a qualsiasi altro foro, per quanto speciale o privilegiato che sia.<\/p>\n\t\t\t\t\t\t\t\t<\/div>\n\t\t\t\t<\/div>\n\t\t\t\t\t<\/div>\n\t\t\t\t<\/div>\n\t\t<div data-particle_enable=\"false\" data-particle-mobile-disabled=\"false\" class=\"elementor-element elementor-element-f4c66d0 e-flex e-con-boxed e-con e-parent\" data-id=\"f4c66d0\" data-element_type=\"container\" data-settings=\"{&quot;_ha_eqh_enable&quot;:false}\">\n\t\t\t\t\t<div class=\"e-con-inner\">\n\t\t\t\t\t<\/div>\n\t\t\t\t<\/div>\n\t\t\t\t<\/div>\n\t\t","protected":false},"excerpt":{"rendered":"<p>CONTRATTO DI PRESTAZIONE DI SERVIZI DI LICENZA SOFTWARE &#8211; SAAS **CONTRATTO DI PRESTAZIONE DI SERVIZI DI LICENZA SOFTWARE &#8211; SAAS** [&hellip;]<\/p>\n","protected":false},"author":1,"featured_media":0,"parent":0,"menu_order":0,"comment_status":"closed","ping_status":"closed","template":"","meta":{"site-sidebar-layout":"no-sidebar","site-content-layout":"","ast-site-content-layout":"full-width-container","site-content-style":"default","site-sidebar-style":"default","ast-global-header-display":"","ast-banner-title-visibility":"","ast-main-header-display":"","ast-hfb-above-header-display":"","ast-hfb-below-header-display":"","ast-hfb-mobile-header-display":"","site-post-title":"disabled","ast-breadcrumbs-content":"","ast-featured-img":"disabled","footer-sml-layout":"","theme-transparent-header-meta":"default","adv-header-id-meta":"","stick-header-meta":"","header-above-stick-meta":"","header-main-stick-meta":"","header-below-stick-meta":"","astra-migrate-meta-layouts":"set","ast-page-background-enabled":"default","ast-page-background-meta":{"desktop":{"background-color":"var(--ast-global-color-5)","background-image":"","background-repeat":"repeat","background-position":"center center","background-size":"auto","background-attachment":"scroll","background-type":"","background-media":"","overlay-type":"","overlay-color":"","overlay-opacity":"","overlay-gradient":""},"tablet":{"background-color":"","background-image":"","background-repeat":"repeat","background-position":"center center","background-size":"auto","background-attachment":"scroll","background-type":"","background-media":"","overlay-type":"","overlay-color":"","overlay-opacity":"","overlay-gradient":""},"mobile":{"background-color":"","background-image":"","background-repeat":"repeat","background-position":"center center","background-size":"auto","background-attachment":"scroll","background-type":"","background-media":"","overlay-type":"","overlay-color":"","overlay-opacity":"","overlay-gradient":""}},"ast-content-background-meta":{"desktop":{"background-color":"var(--ast-global-color-4)","background-image":"","background-repeat":"repeat","background-position":"center center","background-size":"auto","background-attachment":"scroll","background-type":"","background-media":"","overlay-type":"","overlay-color":"","overlay-opacity":"","overlay-gradient":""},"tablet":{"background-color":"var(--ast-global-color-4)","background-image":"","background-repeat":"repeat","background-position":"center center","background-size":"auto","background-attachment":"scroll","background-type":"","background-media":"","overlay-type":"","overlay-color":"","overlay-opacity":"","overlay-gradient":""},"mobile":{"background-color":"var(--ast-global-color-4)","background-image":"","background-repeat":"repeat","background-position":"center center","background-size":"auto","background-attachment":"scroll","background-type":"","background-media":"","overlay-type":"","overlay-color":"","overlay-opacity":"","overlay-gradient":""}},"footnotes":""},"class_list":["post-10650","page","type-page","status-publish","hentry"],"_links":{"self":[{"href":"https:\/\/nexloo.com\/it\/wp-json\/wp\/v2\/pages\/10650","targetHints":{"allow":["GET"]}}],"collection":[{"href":"https:\/\/nexloo.com\/it\/wp-json\/wp\/v2\/pages"}],"about":[{"href":"https:\/\/nexloo.com\/it\/wp-json\/wp\/v2\/types\/page"}],"author":[{"embeddable":true,"href":"https:\/\/nexloo.com\/it\/wp-json\/wp\/v2\/users\/1"}],"replies":[{"embeddable":true,"href":"https:\/\/nexloo.com\/it\/wp-json\/wp\/v2\/comments?post=10650"}],"version-history":[{"count":1,"href":"https:\/\/nexloo.com\/it\/wp-json\/wp\/v2\/pages\/10650\/revisions"}],"predecessor-version":[{"id":16355,"href":"https:\/\/nexloo.com\/it\/wp-json\/wp\/v2\/pages\/10650\/revisions\/16355"}],"wp:attachment":[{"href":"https:\/\/nexloo.com\/it\/wp-json\/wp\/v2\/media?parent=10650"}],"curies":[{"name":"wp","href":"https:\/\/api.w.org\/{rel}","templated":true}]}}